{"id":12,"date":"2020-04-08T18:34:41","date_gmt":"2020-04-08T18:34:41","guid":{"rendered":"http:\/\/precimaq.com.br\/?page_id=12"},"modified":"2021-10-12T18:39:25","modified_gmt":"2021-10-12T18:39:25","slug":"home","status":"publish","type":"page","link":"http:\/\/swl.com.br\/","title":{"rendered":"Home"},"content":{"rendered":"\n<div class=\"wp-block-image\"><figure class=\"alignleft size-large is-resized\"><img loading=\"lazy\" decoding=\"async\" src=\"http:\/\/precimaq.com.br\/wp-content\/uploads\/2021\/10\/Brasil-2.jpg\" alt=\"\" class=\"wp-image-3081\" width=\"94\" height=\"60\" srcset=\"http:\/\/swl.com.br\/wp-content\/uploads\/2021\/10\/Brasil-2.jpg 453w, http:\/\/swl.com.br\/wp-content\/uploads\/2021\/10\/Brasil-2-300x192.jpg 300w, http:\/\/swl.com.br\/wp-content\/uploads\/2021\/10\/Brasil-2-450x290.jpg 450w\" sizes=\"auto, (max-width: 94px) 100vw, 94px\" \/><\/figure><\/div>\n\n\n\n<p>A <strong>SWL<\/strong> reconhecida como uma das melhores empresas do segmento com mais de 30 anos de experi\u00eancia na fabrica\u00e7\u00e3o de mangueiras e conex\u00f5es para o mercado de reposi\u00e7\u00e3o e a ind\u00fastria de implementos rodovi\u00e1rios.<\/p>\n\n\n\n<p>Gerar novos neg\u00f3cios e solucionar problemas ligados ao setor de transporte sendo a pioneira na fabrica\u00e7\u00e3o do flex\u00edvel da resolu\u00e7\u00e3o 777 (Passagem n\u00e3o inferior a 9mm interna).<br>A primeira na fabrica\u00e7\u00e3o do terminal macho girat\u00f3rio, reduzindo o tempo de montagem de mais de 50 minutos (Carreta de tr\u00eas eixos) para no m\u00e1ximo 15 minutos.<\/p>\n\n\n\n<p>Nosso objetivo \u00e9 fornecer produtos que atendam aos requisitos de m\u00e1xima seguran\u00e7a confiabilidade e desempenho tendo uma linha completa de flex\u00edvel para freio a ar, mangueiras espiral, flex\u00edvel para sistema hidr\u00e1ulico, adaptadores, chicote el\u00e9trico, tubo em nylon, flex\u00edveis para freio hidr\u00e1ulico e v\u00e1lvulas equalizadora.<\/p>\n\n\n\n<p>Processos tecnol\u00f3gicos atualizados, fabrica\u00e7\u00e3o pr\u00f3pria de todos os componentes e profissionais qualificados s\u00e3o ingredientes primordiais para o nosso slogan:<\/p>\n\n\n\n<p><strong><em>&#8220;Ousando para Criar o Melhor&#8221;<\/em><\/strong><\/p>\n\n\n\n<div class=\"wp-block-image\"><figure class=\"alignleft size-large is-resized\"><img loading=\"lazy\" decoding=\"async\" src=\"http:\/\/precimaq.com.br\/wp-content\/uploads\/2021\/10\/ingles-1.png\" alt=\"\" class=\"wp-image-3076\" width=\"95\" height=\"50\" srcset=\"http:\/\/swl.com.br\/wp-content\/uploads\/2021\/10\/ingles-1.png 640w, http:\/\/swl.com.br\/wp-content\/uploads\/2021\/10\/ingles-1-300x158.png 300w\" sizes=\"auto, (max-width: 95px) 100vw, 95px\" \/><\/figure><\/div>\n\n\n\n<p><strong>SWL<\/strong> recognized as one of the best companies in the segment with over 30 years of experience in manufacturing hoses and fittings for the aftermarket and road implement industry.<\/p>\n\n\n\n<p>Generate new business and solve problems related to the transport sector, being the pioneer in the manufacture of flexible resolution 777 (Passage not less than 9mm internal).<\/p>\n\n\n\n<p>First in the manufacture of the male swivel terminal, reducing assembly time from more than 50 minutes (three-axle trailer) to a maximum of 15 minutes.<\/p>\n\n\n\n<p>Our goal is to provide products that meet maximum safety, reliability and performance requirements by having a complete line of air brake flex, spiral hose, hydraulic system flex, adapters, electrical harness, nylon tube, hydraulic brake flex and equalizer valves .<\/p>\n\n\n\n<p>Up-to-date technological processes, in-house manufacturing of all components and qualified professionals are key ingredients for our slogan:<\/p>\n\n\n\n<p><strong><em>&#8220;Daring to Create the Best&#8221;<\/em><\/strong><\/p>\n\n\n\n<div class=\"wp-block-image\"><figure class=\"alignleft size-large is-resized\"><img loading=\"lazy\" decoding=\"async\" src=\"http:\/\/precimaq.com.br\/wp-content\/uploads\/2021\/10\/espanha.png\" alt=\"\" class=\"wp-image-3078\" width=\"93\" height=\"62\"\/><\/figure><\/div>\n\n\n\n<p><strong>SWL<\/strong> reconocida como una de las mejores empresas del segmento con m\u00e1s de 30 a\u00f1os de experiencia en la fabricaci\u00f3n de mangueras y racores para la industria de repuestos y implementos viales.<\/p>\n\n\n\n<p>Generar nuevos negocios y solucionar problemas relacionados con el sector del transporte, siendo pionero en la fabricaci\u00f3n de flexibles de resoluci\u00f3n 777 (Pasaje no inferior a 9mm interno).<\/p>\n\n\n\n<p>Primero en la fabricaci\u00f3n del terminal giratorio macho, reduciendo el tiempo de montaje de m\u00e1s de 50 minutos (remolque de tres ejes) a un m\u00e1ximo de 15 minutos.<\/p>\n\n\n\n<p>Nuestro objetivo es proporcionar productos que cumplan con los requisitos m\u00e1ximos de seguridad, confiabilidad y rendimiento al tener una l\u00ednea completa de frenos de aire flexibles, mangueras en espiral, sistemas hidr\u00e1ulicos flexibles, adaptadores, arn\u00e9s el\u00e9ctrico, tubos de nailon, frenos hidr\u00e1ulicos flexibles y v\u00e1lvulas compensadoras.<\/p>\n\n\n\n<p>Procesos tecnol\u00f3gicos actualizados, fabricaci\u00f3n propia de todos los componentes y profesionales cualificados son ingredientes clave de nuestro lema:<\/p>\n\n\n\n<p><strong><em>&#8220;Atreverse a crear lo mejor&#8221;<\/em><\/strong><\/p>\n","protected":false},"excerpt":{"rendered":"<p>A SWL reconhecida como uma das melhores empresas do segmento com mais de 30 anos de experi\u00eancia na fabrica\u00e7\u00e3o de mangueiras e conex\u00f5es para o mercado de reposi\u00e7\u00e3o e a ind\u00fastria de implementos rodovi\u00e1rios. Gerar novos neg\u00f3cios e solucionar problemas ligados ao setor de transporte sendo a pioneira na fabrica\u00e7\u00e3o do flex\u00edvel da resolu\u00e7\u00e3o 777<span class=\"read-more-faq\"><a href=\"http:\/\/swl.com.br\/\">Read More<\/a><\/span><\/p>\n","protected":false},"author":1,"featured_media":0,"parent":0,"menu_order":0,"comment_status":"closed","ping_status":"closed","template":"","meta":{"footnotes":""},"class_list":["post-12","page","type-page","status-publish","hentry"],"_links":{"self":[{"href":"http:\/\/swl.com.br\/index.php?rest_route=\/wp\/v2\/pages\/12","targetHints":{"allow":["GET"]}}],"collection":[{"href":"http:\/\/swl.com.br\/index.php?rest_route=\/wp\/v2\/pages"}],"about":[{"href":"http:\/\/swl.com.br\/index.php?rest_route=\/wp\/v2\/types\/page"}],"author":[{"embeddable":true,"href":"http:\/\/swl.com.br\/index.php?rest_route=\/wp\/v2\/users\/1"}],"replies":[{"embeddable":true,"href":"http:\/\/swl.com.br\/index.php?rest_route=%2Fwp%2Fv2%2Fcomments&post=12"}],"version-history":[{"count":8,"href":"http:\/\/swl.com.br\/index.php?rest_route=\/wp\/v2\/pages\/12\/revisions"}],"predecessor-version":[{"id":3089,"href":"http:\/\/swl.com.br\/index.php?rest_route=\/wp\/v2\/pages\/12\/revisions\/3089"}],"wp:attachment":[{"href":"http:\/\/swl.com.br\/index.php?rest_route=%2Fwp%2Fv2%2Fmedia&parent=12"}],"curies":[{"name":"wp","href":"https:\/\/api.w.org\/{rel}","templated":true}]}}