{"id":2506,"date":"2020-05-28T22:23:00","date_gmt":"2020-05-28T22:23:00","guid":{"rendered":"http:\/\/precimaq.com.br\/?page_id=2506"},"modified":"2020-06-01T18:15:01","modified_gmt":"2020-06-01T18:15:01","slug":"ar-agua","status":"publish","type":"page","link":"http:\/\/swl.com.br\/?page_id=2506","title":{"rendered":"Ar \/ \u00c1gua"},"content":{"rendered":"\n<h2 class=\"has-text-align-center wp-block-heading\"><span class=\"has-inline-color has-very-light-gray-color\"><strong>Mangueira  P\/Ar \u00c1gua &#8211; PT 150 Psi<\/strong><\/span><\/h2>\n\n\n\n<figure class=\"wp-block-table is-style-stripes\"><table class=\"has-subtle-pale-blue-background-color has-background\"><thead><tr><th class=\"has-text-align-center\" data-align=\"center\">N\/Numero<\/th><th class=\"has-text-align-center\" data-align=\"center\">Bitola<\/th><th class=\"has-text-align-center\" data-align=\"center\">Aplica\u00e7\u00e3o<\/th><th class=\"has-text-align-center\" data-align=\"center\">Press\u00e3o<br>Trabalho<\/th><th>Press\u00e3o<br>Ruptura<\/th><th class=\"has-text-align-center\" data-align=\"center\">Peso<br>Gr\/Mt<\/th><th class=\"has-text-align-center\" data-align=\"center\">Rolo<br>Mt<\/th><\/tr><\/thead><tbody><tr><td class=\"has-text-align-center\" data-align=\"center\"><strong>MPAA015-04<\/strong><\/td><td class=\"has-text-align-center\" data-align=\"center\"><strong>1\/4&#8243;<\/strong><\/td><td class=\"has-text-align-center\" data-align=\"center\"><strong>Mangueira p\/ Ar\/\u00c1gua<\/strong><\/td><td class=\"has-text-align-center\" data-align=\"center\"><strong>150 PSI<\/strong><\/td><td><strong>450 PSI<\/strong><\/td><td class=\"has-text-align-center\" data-align=\"center\"><strong>0,00<\/strong><\/td><td class=\"has-text-align-center\" data-align=\"center\"><br><strong>50\/100<\/strong><\/td><\/tr><tr><td class=\"has-text-align-center\" data-align=\"center\"><strong>MPAA015-05<\/strong><\/td><td class=\"has-text-align-center\" data-align=\"center\"><strong>5\/16&#8243;<\/strong><\/td><td class=\"has-text-align-center\" data-align=\"center\"><strong>Mangueira p\/ Ar\/\u00c1gua<\/strong><\/td><td class=\"has-text-align-center\" data-align=\"center\"><strong>150 PSI<\/strong><\/td><td><strong>450 PSI<\/strong><\/td><td class=\"has-text-align-center\" data-align=\"center\"><strong>0,00<\/strong><\/td><td class=\"has-text-align-center\" data-align=\"center\"><br><strong>50\/100<\/strong><\/td><\/tr><tr><td class=\"has-text-align-center\" data-align=\"center\"> <strong>MPAA015-06<\/strong><\/td><td class=\"has-text-align-center\" data-align=\"center\"><strong>3\/8&#8243;<\/strong><\/td><td class=\"has-text-align-center\" data-align=\"center\"><strong>Mangueira p\/ Ar\/\u00c1gua<\/strong><\/td><td class=\"has-text-align-center\" data-align=\"center\"><strong>150 PSI<\/strong><\/td><td><strong>450 PSI<\/strong><\/td><td class=\"has-text-align-center\" data-align=\"center\"><strong>0,00<\/strong><\/td><td class=\"has-text-align-center\" data-align=\"center\"><br><strong>50\/100<\/strong><\/td><\/tr><tr><td class=\"has-text-align-center\" data-align=\"center\"> <strong>MPAA015-08<\/strong><\/td><td class=\"has-text-align-center\" data-align=\"center\"><strong>1\/2&#8243;<\/strong><\/td><td class=\"has-text-align-center\" data-align=\"center\"><strong>Mangueira p\/ Ar\/\u00c1gua<\/strong><\/td><td class=\"has-text-align-center\" data-align=\"center\"><strong>150 PSI<\/strong><\/td><td><strong>450 PSI<\/strong><\/td><td class=\"has-text-align-center\" data-align=\"center\"><strong>0,00<\/strong><\/td><td class=\"has-text-align-center\" data-align=\"center\"><br><strong>50\/100<\/strong><\/td><\/tr><tr><td class=\"has-text-align-center\" data-align=\"center\"> <strong>MPAA015-10<\/strong><\/td><td class=\"has-text-align-center\" data-align=\"center\"><strong>5\/8&#8243;<\/strong><\/td><td class=\"has-text-align-center\" data-align=\"center\"><strong>Mangueira p\/ Ar\/\u00c1gua<\/strong><\/td><td class=\"has-text-align-center\" data-align=\"center\"><strong>150 PSI<\/strong><\/td><td><strong>450 PSI<\/strong><\/td><td class=\"has-text-align-center\" data-align=\"center\"><strong>0,00<\/strong><\/td><td class=\"has-text-align-center\" data-align=\"center\"><br><strong>50\/100<\/strong> <\/td><\/tr><tr><td class=\"has-text-align-center\" data-align=\"center\"><strong>MPAA015-12<\/strong><\/td><td class=\"has-text-align-center\" data-align=\"center\"><strong>3\/4&#8243;<\/strong><\/td><td class=\"has-text-align-center\" data-align=\"center\"><strong>Mangueira p\/ Ar\/\u00c1gua<\/strong><\/td><td class=\"has-text-align-center\" data-align=\"center\"><strong>150 PSI<\/strong><\/td><td><strong>450 PSI<\/strong><\/td><td class=\"has-text-align-center\" data-align=\"center\"><strong>0,00<\/strong><\/td><td class=\"has-text-align-center\" data-align=\"center\"><br><strong>50\/100<\/strong><\/td><\/tr><tr><td class=\"has-text-align-center\" data-align=\"center\"><strong>MPAA015-20<\/strong><\/td><td class=\"has-text-align-center\" data-align=\"center\"><strong>1.1\/4&#8243;<\/strong><\/td><td class=\"has-text-align-center\" data-align=\"center\"><strong>Mangueira p\/ Ar\/\u00c1gua<\/strong><\/td><td class=\"has-text-align-center\" data-align=\"center\"><strong>150 PSI<\/strong><\/td><td><strong>450 PSI<\/strong><\/td><td class=\"has-text-align-center\" data-align=\"center\"><strong>0,00<\/strong><\/td><td class=\"has-text-align-center\" data-align=\"center\"><br><strong>50\/100<\/strong><\/td><\/tr><\/tbody><\/table><figcaption><br><\/figcaption><\/figure>\n\n\n\n<h2 class=\"has-text-align-center wp-block-heading\"><span class=\"has-inline-color has-very-light-gray-color\"><strong>Mangueira  P\/Ar \u00c1gua &#8211; PT 200 Psi<\/strong><\/span><\/h2>\n\n\n\n<figure class=\"wp-block-table is-style-stripes\"><table class=\"has-subtle-pale-blue-background-color has-background\"><thead><tr><th class=\"has-text-align-center\" data-align=\"center\">N\/Numero<\/th><th class=\"has-text-align-center\" data-align=\"center\">Bitola<\/th><th class=\"has-text-align-center\" data-align=\"center\">Aplica\u00e7\u00e3o<\/th><th class=\"has-text-align-center\" data-align=\"center\">Press\u00e3o<br>Trabalho<\/th><th>Press\u00e3o<br>Ruptura<\/th><th class=\"has-text-align-center\" data-align=\"center\">Peso<br>Gr\/Mt<\/th><th class=\"has-text-align-center\" data-align=\"center\">Rolo<br>Mt<\/th><\/tr><\/thead><tbody><tr><td class=\"has-text-align-center\" data-align=\"center\"><strong>MPAA020-04<\/strong><\/td><td class=\"has-text-align-center\" data-align=\"center\"><strong>1\/4&#8243;<\/strong><\/td><td class=\"has-text-align-center\" data-align=\"center\"><strong>Mangueira p\/ Ar\/\u00c1gua<\/strong><\/td><td class=\"has-text-align-center\" data-align=\"center\"><strong>200 PSI<\/strong><\/td><td><strong>600 PSI<\/strong><\/td><td class=\"has-text-align-center\" data-align=\"center\"><strong>0,00<\/strong><\/td><td class=\"has-text-align-center\" data-align=\"center\"><br><strong>50\/100<\/strong><\/td><\/tr><tr><td class=\"has-text-align-center\" data-align=\"center\"> <strong>MPAA020-06<\/strong><\/td><td class=\"has-text-align-center\" data-align=\"center\"><strong>3\/8&#8243;<\/strong><\/td><td class=\"has-text-align-center\" data-align=\"center\"><strong>Mangueira p\/ Ar\/\u00c1gua<\/strong><\/td><td class=\"has-text-align-center\" data-align=\"center\"><strong>200 PSI<\/strong><\/td><td><strong>600 PSI<\/strong><\/td><td class=\"has-text-align-center\" data-align=\"center\"><strong>0,00<\/strong><\/td><td class=\"has-text-align-center\" data-align=\"center\"><br><strong>50\/100<\/strong><\/td><\/tr><tr><td class=\"has-text-align-center\" data-align=\"center\"> <strong>MPAA020-08<\/strong><\/td><td class=\"has-text-align-center\" data-align=\"center\"><strong>1\/2&#8243;<\/strong><\/td><td class=\"has-text-align-center\" data-align=\"center\"><strong>Mangueira p\/ Ar\/\u00c1gua<\/strong><\/td><td class=\"has-text-align-center\" data-align=\"center\"><strong>200 PSI<\/strong><\/td><td><strong>600 PSI<\/strong><\/td><td class=\"has-text-align-center\" data-align=\"center\"><strong>0,00<\/strong><\/td><td class=\"has-text-align-center\" data-align=\"center\"><br><strong>50\/100<\/strong><\/td><\/tr><tr><td class=\"has-text-align-center\" data-align=\"center\"> <strong>MPAA020-10<\/strong><\/td><td class=\"has-text-align-center\" data-align=\"center\"><strong>5\/8&#8243;<\/strong><\/td><td class=\"has-text-align-center\" data-align=\"center\"><strong>Mangueira p\/ Ar\/\u00c1gua<\/strong><\/td><td class=\"has-text-align-center\" data-align=\"center\"><strong>200 PSI<\/strong><\/td><td><strong>600 PSI<\/strong><\/td><td class=\"has-text-align-center\" data-align=\"center\"><strong>0,00<\/strong><\/td><td class=\"has-text-align-center\" data-align=\"center\"><br><strong>50\/100<\/strong> <\/td><\/tr><tr><td class=\"has-text-align-center\" data-align=\"center\"><strong>MPAA020-12<\/strong><\/td><td class=\"has-text-align-center\" data-align=\"center\"><strong>3\/4&#8243;<\/strong><\/td><td class=\"has-text-align-center\" data-align=\"center\"><strong>Mangueira p\/ Ar\/\u00c1gua<\/strong><\/td><td class=\"has-text-align-center\" data-align=\"center\"><strong>200 PSI<\/strong><\/td><td><strong>600 PSI<\/strong><\/td><td class=\"has-text-align-center\" data-align=\"center\"><strong>0,00<\/strong><\/td><td class=\"has-text-align-center\" data-align=\"center\"><br><strong>50\/100<\/strong><\/td><\/tr><tr><td class=\"has-text-align-center\" data-align=\"center\"><strong>MPAA020-20<\/strong><\/td><td class=\"has-text-align-center\" data-align=\"center\"><strong>1.1\/4&#8243;<\/strong><\/td><td class=\"has-text-align-center\" data-align=\"center\"><strong>Mangueira p\/ Ar\/\u00c1gua<\/strong><\/td><td class=\"has-text-align-center\" data-align=\"center\"><strong>200 PSI<\/strong><\/td><td><strong>600 PSI<\/strong><\/td><td class=\"has-text-align-center\" data-align=\"center\"><strong>0,00<\/strong><\/td><td class=\"has-text-align-center\" data-align=\"center\"><br><strong>50\/100<\/strong><\/td><\/tr><\/tbody><\/table><figcaption><br><\/figcaption><\/figure>\n\n\n\n<h2 class=\"has-text-align-center wp-block-heading\"><strong><span class=\"has-inline-color has-very-light-gray-color\">Mangueira P\/Ar \u00c1gua &#8211; PT 300 Psi<\/span><\/strong><\/h2>\n\n\n\n<figure class=\"wp-block-table is-style-stripes\"><table class=\"has-subtle-pale-blue-background-color has-background\"><thead><tr><th class=\"has-text-align-center\" data-align=\"center\">N\/Numero<\/th><th class=\"has-text-align-center\" data-align=\"center\">Bitola<\/th><th class=\"has-text-align-center\" data-align=\"center\">Aplica\u00e7\u00e3o<\/th><th class=\"has-text-align-center\" data-align=\"center\">Press\u00e3o<br>Trabalho<\/th><th>Press\u00e3o<br>Ruptura<\/th><th class=\"has-text-align-center\" data-align=\"center\">Peso<br>Gr\/Mt<\/th><th class=\"has-text-align-center\" data-align=\"center\">Rolo<br>Mt<\/th><\/tr><\/thead><tbody><tr><td class=\"has-text-align-center\" data-align=\"center\"><strong>MPAA030-04<\/strong><\/td><td class=\"has-text-align-center\" data-align=\"center\"><strong>1\/4&#8243;<\/strong><\/td><td class=\"has-text-align-center\" data-align=\"center\"><strong>Mangueira p\/ Ar\/\u00c1gua<\/strong><\/td><td class=\"has-text-align-center\" data-align=\"center\"><strong>300 PSI<\/strong><\/td><td><strong>900 PSI<\/strong><\/td><td class=\"has-text-align-center\" data-align=\"center\"><strong>0,00<\/strong><\/td><td class=\"has-text-align-center\" data-align=\"center\"><br><strong>50\/100<\/strong><\/td><\/tr><tr><td class=\"has-text-align-center\" data-align=\"center\"> <strong>MPAA030-06<\/strong><\/td><td class=\"has-text-align-center\" data-align=\"center\"><strong>3\/8&#8243;<\/strong><\/td><td class=\"has-text-align-center\" data-align=\"center\"><strong>Mangueira p\/ Ar\/\u00c1gua<\/strong><\/td><td class=\"has-text-align-center\" data-align=\"center\"><strong>300 PSI<\/strong><\/td><td><strong>900 PSI<\/strong><\/td><td class=\"has-text-align-center\" data-align=\"center\"><strong>0,00<\/strong><\/td><td class=\"has-text-align-center\" data-align=\"center\"><br><strong>50\/100<\/strong><\/td><\/tr><tr><td class=\"has-text-align-center\" data-align=\"center\"> <strong>MPAA030-08<\/strong><\/td><td class=\"has-text-align-center\" data-align=\"center\"><strong>1\/2&#8243;<\/strong><\/td><td class=\"has-text-align-center\" data-align=\"center\"><strong>Mangueira p\/ Ar\/\u00c1gua<\/strong><\/td><td class=\"has-text-align-center\" data-align=\"center\"><strong>300 PSI<\/strong><\/td><td><strong>900 PSI<\/strong><\/td><td class=\"has-text-align-center\" data-align=\"center\"><strong>0,00<\/strong><\/td><td class=\"has-text-align-center\" data-align=\"center\"><br><strong>50\/100<\/strong><\/td><\/tr><tr><td class=\"has-text-align-center\" data-align=\"center\"> <strong>MPAA030-10<\/strong><\/td><td class=\"has-text-align-center\" data-align=\"center\"><strong>5\/8&#8243;<\/strong><\/td><td class=\"has-text-align-center\" data-align=\"center\"><strong>Mangueira p\/ Ar\/\u00c1gua<\/strong><\/td><td class=\"has-text-align-center\" data-align=\"center\"><strong>300 PSI<\/strong><\/td><td><strong>900 PSI<\/strong><\/td><td class=\"has-text-align-center\" data-align=\"center\"><strong>0,00<\/strong><\/td><td class=\"has-text-align-center\" data-align=\"center\"><br><strong>50\/100<\/strong> <\/td><\/tr><tr><td class=\"has-text-align-center\" data-align=\"center\"><strong>MPAA030-12<\/strong><\/td><td class=\"has-text-align-center\" data-align=\"center\"><strong>3\/4&#8243;<\/strong><\/td><td class=\"has-text-align-center\" data-align=\"center\"><strong>Mangueira p\/ Ar\/\u00c1gua<\/strong><\/td><td class=\"has-text-align-center\" data-align=\"center\"><strong>300 PSI<\/strong><\/td><td><strong>900 PSI<\/strong><\/td><td class=\"has-text-align-center\" data-align=\"center\"><strong>0,00<\/strong><\/td><td class=\"has-text-align-center\" data-align=\"center\"><br><strong>50\/100<\/strong><\/td><\/tr><tr><td class=\"has-text-align-center\" data-align=\"center\"><strong>MPAA030-20<\/strong><\/td><td class=\"has-text-align-center\" data-align=\"center\"><strong>1.1\/4&#8243;<\/strong><\/td><td class=\"has-text-align-center\" data-align=\"center\"><strong>Mangueira p\/ Ar\/\u00c1gua<\/strong><\/td><td class=\"has-text-align-center\" data-align=\"center\"><strong>300 PSI<\/strong><\/td><td><strong>900 PSI<\/strong><\/td><td class=\"has-text-align-center\" data-align=\"center\"><strong>0,00<\/strong><\/td><td class=\"has-text-align-center\" data-align=\"center\"><br><strong>50\/100<\/strong><\/td><\/tr><\/tbody><\/table><figcaption><br><\/figcaption><\/figure>\n\n\n\n<h2 class=\"has-text-align-center wp-block-heading\"><strong><span class=\"has-inline-color has-very-light-gray-color\">Mangueira P\/Ar \u00c1gua &#8211; PT 500 Psi<\/span><\/strong><\/h2>\n\n\n\n<figure class=\"wp-block-table is-style-stripes\"><table class=\"has-subtle-pale-blue-background-color has-background\"><thead><tr><th class=\"has-text-align-center\" data-align=\"center\">N\/Numero<\/th><th class=\"has-text-align-center\" data-align=\"center\">Bitola<\/th><th class=\"has-text-align-center\" data-align=\"center\">Aplica\u00e7\u00e3o<\/th><th class=\"has-text-align-center\" data-align=\"center\">Press\u00e3o<br>Trabalho<\/th><th>Press\u00e3o<br>Ruptura<\/th><th class=\"has-text-align-center\" data-align=\"center\">Peso<br>Gr\/Mt<\/th><th class=\"has-text-align-center\" data-align=\"center\">Rolo<br>Mt<\/th><\/tr><\/thead><tbody><tr><td class=\"has-text-align-center\" data-align=\"center\"><strong>MPAA050-04<\/strong><\/td><td class=\"has-text-align-center\" data-align=\"center\"><strong>1\/4&#8243;<\/strong><\/td><td class=\"has-text-align-center\" data-align=\"center\"><strong>Mangueira p\/ Ar\/\u00c1gua<\/strong><\/td><td class=\"has-text-align-center\" data-align=\"center\"><strong>500 PSI<\/strong><\/td><td><strong>1500 PSI<\/strong><\/td><td class=\"has-text-align-center\" data-align=\"center\"><strong>0,00<\/strong><\/td><td class=\"has-text-align-center\" data-align=\"center\"><br><strong>50\/100<\/strong><\/td><\/tr><tr><td class=\"has-text-align-center\" data-align=\"center\"> <strong>MPAA050-06<\/strong><\/td><td class=\"has-text-align-center\" data-align=\"center\"><strong>3\/8&#8243;<\/strong><\/td><td class=\"has-text-align-center\" data-align=\"center\"><strong>Mangueira p\/ Ar\/\u00c1gua<\/strong><\/td><td class=\"has-text-align-center\" data-align=\"center\"><strong>500 PSI<\/strong><\/td><td><strong>1500 PSI<\/strong><\/td><td class=\"has-text-align-center\" data-align=\"center\"><strong>0,00<\/strong><\/td><td class=\"has-text-align-center\" data-align=\"center\"><br><strong>50\/100<\/strong><\/td><\/tr><tr><td class=\"has-text-align-center\" data-align=\"center\"> <strong>MPAA050-08<\/strong><\/td><td class=\"has-text-align-center\" data-align=\"center\"><strong>1\/2&#8243;<\/strong><\/td><td class=\"has-text-align-center\" data-align=\"center\"><strong>Mangueira p\/ Ar\/\u00c1gua<\/strong><\/td><td class=\"has-text-align-center\" data-align=\"center\"><strong>500 PSI<\/strong><\/td><td><strong>1500 PSI<\/strong><\/td><td class=\"has-text-align-center\" data-align=\"center\"><strong>0,00<\/strong><\/td><td class=\"has-text-align-center\" data-align=\"center\"><br><strong>50\/100<\/strong><\/td><\/tr><tr><td class=\"has-text-align-center\" data-align=\"center\"> <strong>MPAA050-10<\/strong><\/td><td class=\"has-text-align-center\" data-align=\"center\"><strong>5\/8&#8243;<\/strong><\/td><td class=\"has-text-align-center\" data-align=\"center\"><strong>Mangueira p\/ Ar\/\u00c1gua<\/strong><\/td><td class=\"has-text-align-center\" data-align=\"center\"><strong>500 PSI<\/strong><\/td><td><strong>1500 PSI<\/strong><\/td><td class=\"has-text-align-center\" data-align=\"center\"><strong>0,00<\/strong><\/td><td class=\"has-text-align-center\" data-align=\"center\"><br><strong>50\/100<\/strong> <\/td><\/tr><tr><td class=\"has-text-align-center\" data-align=\"center\"><strong>MPAA050-12<\/strong><\/td><td class=\"has-text-align-center\" data-align=\"center\"><strong>3\/4&#8243;<\/strong><\/td><td class=\"has-text-align-center\" data-align=\"center\"><strong>Mangueira p\/ Ar\/\u00c1gua<\/strong><\/td><td class=\"has-text-align-center\" data-align=\"center\"><strong>500 PSI<\/strong><\/td><td><strong>1500 PSI<\/strong><\/td><td class=\"has-text-align-center\" data-align=\"center\"><strong>0,00<\/strong><\/td><td class=\"has-text-align-center\" data-align=\"center\"><br><strong>50\/100<\/strong><\/td><\/tr><tr><td class=\"has-text-align-center\" data-align=\"center\"><strong>MPAA050-20<\/strong><\/td><td class=\"has-text-align-center\" data-align=\"center\"><strong>1.1\/4&#8243;<\/strong><\/td><td class=\"has-text-align-center\" data-align=\"center\"><strong>Mangueira p\/ Ar\/\u00c1gua<\/strong><\/td><td class=\"has-text-align-center\" data-align=\"center\"><strong>500 PSI<\/strong><\/td><td><strong>1500 PSI<\/strong><\/td><td class=\"has-text-align-center\" data-align=\"center\"><strong>0,00<\/strong><\/td><td class=\"has-text-align-center\" data-align=\"center\"><br><strong>50\/100<\/strong><\/td><\/tr><\/tbody><\/table><\/figure>\n","protected":false},"excerpt":{"rendered":"<p>Mangueira P\/Ar \u00c1gua &#8211; PT 150 Psi N\/Numero Bitola Aplica\u00e7\u00e3o Press\u00e3oTrabalho Press\u00e3oRuptura PesoGr\/Mt RoloMt MPAA015-04 1\/4&#8243; Mangueira p\/ Ar\/\u00c1gua 150 PSI 450 PSI 0,00 50\/100 MPAA015-05 5\/16&#8243; Mangueira p\/ Ar\/\u00c1gua 150 PSI 450 PSI 0,00 50\/100 MPAA015-06 3\/8&#8243; Mangueira p\/ Ar\/\u00c1gua 150 PSI 450 PSI 0,00 50\/100 MPAA015-08 1\/2&#8243; Mangueira p\/ Ar\/\u00c1gua 150 PSI 450<span class=\"read-more-faq\"><a href=\"http:\/\/swl.com.br\/?page_id=2506\">Read More<\/a><\/span><\/p>\n","protected":false},"author":1,"featured_media":0,"parent":291,"menu_order":0,"comment_status":"closed","ping_status":"closed","template":"","meta":{"footnotes":""},"class_list":["post-2506","page","type-page","status-publish","hentry"],"_links":{"self":[{"href":"http:\/\/swl.com.br\/index.php?rest_route=\/wp\/v2\/pages\/2506","targetHints":{"allow":["GET"]}}],"collection":[{"href":"http:\/\/swl.com.br\/index.php?rest_route=\/wp\/v2\/pages"}],"about":[{"href":"http:\/\/swl.com.br\/index.php?rest_route=\/wp\/v2\/types\/page"}],"author":[{"embeddable":true,"href":"http:\/\/swl.com.br\/index.php?rest_route=\/wp\/v2\/users\/1"}],"replies":[{"embeddable":true,"href":"http:\/\/swl.com.br\/index.php?rest_route=%2Fwp%2Fv2%2Fcomments&post=2506"}],"version-history":[{"count":12,"href":"http:\/\/swl.com.br\/index.php?rest_route=\/wp\/v2\/pages\/2506\/revisions"}],"predecessor-version":[{"id":2547,"href":"http:\/\/swl.com.br\/index.php?rest_route=\/wp\/v2\/pages\/2506\/revisions\/2547"}],"up":[{"embeddable":true,"href":"http:\/\/swl.com.br\/index.php?rest_route=\/wp\/v2\/pages\/291"}],"wp:attachment":[{"href":"http:\/\/swl.com.br\/index.php?rest_route=%2Fwp%2Fv2%2Fmedia&parent=2506"}],"curies":[{"name":"wp","href":"https:\/\/api.w.org\/{rel}","templated":true}]}}